{"id":13504,"date":"2024-03-19T14:04:53","date_gmt":"2024-03-19T18:04:53","guid":{"rendered":"https:\/\/www.globecar.com\/reclamaciones\/globe-cdw-pap\/"},"modified":"2024-05-08T09:05:50","modified_gmt":"2024-05-08T13:05:50","slug":"globe-cdw-pap","status":"publish","type":"page","link":"https:\/\/www.globecar.com\/es\/ayuda\/reclamaciones\/globe-cdw-pap\/","title":{"rendered":"Globo comprado CDW + PAP"},"content":{"rendered":"<div class=\"wpb-content-wrapper\"><p>[vc_row is_header=\u00bbtrue\u00bb][vc_column width=\u00bb7\/12&#8243;][vc_column_text]<\/p>\n<h1>\u00bfHa tenido un accidente de coche? Por favor, no se preocupe.<\/h1>\n<h2>Globe tramita gratuitamente su siniestro de la A a la Z en su nombre<\/h2>\n<p>Sin embargo, necesitamos su colaboraci\u00f3n para que esto sea lo m\u00e1s f\u00e1cil posible.<br \/>\nLea atentamente los siguientes documentos, ya que contienen informaci\u00f3n importante.<\/p>\n<h3>En el momento del alquiler, \u00bfqu\u00e9 protecci\u00f3n utiliz\u00f3?<\/h3>\n<p><em>Haga clic en su protecci\u00f3n<\/em>[\/vc_column_text][\/vc_column][vc_column width=\u00bb5\/12&#8243;][vc_single_image image=\u00bb9460&#8243; img_size=\u00bbfull\u00bb alignment=\u00bbright\u00bb][\/vc_column][\/vc_row][vc_row][vc_column][vc_wp_custommenu nav_menu=\u00bb4098&#8243;][\/vc_column][\/vc_row][vc_section is_container=\u00bbtrue\u00bb][vc_row][vc_column][vc_column_text css=\u00bb.vc_custom_1509385496369{margin-bottom: 3em !important;}\u00bb]<\/p>\n<h2>Globo comprado CDW + PAP<\/h2>\n<p><a href=\"https:\/\/www.globecar.com\/es\/cobertura-de-alquiler-de-vehiculos\/\">(exenci\u00f3n de da\u00f1os por colisi\u00f3n<\/a> + <a href=\"https:\/\/www.globecar.com\/es\/cobertura-de-alquiler-de-vehiculos\/paquete-de-ayuda-practica\/\">paquete de asistencia pr\u00e1ctica<\/a>)<\/p>\n<p>\u00a1Gran decisi\u00f3n! A reserva de lo dispuesto en su contrato de alquiler, nos pondremos en contacto con usted si necesitamos informaci\u00f3n adicional. Todo bajo control, \u00a1rel\u00e1jate![\/vc_column_text][vc_toggle title=\u00bb\u00bfVolver\u00e9 a saber de ti?\u00bb]Dado que ha adquirido nuestra protecci\u00f3n total, es poco probable que nos pongamos en contacto con usted en este caso.[\/vc_toggle][vc_toggle title=\u00bb\u00bfPuedo seguir siendo responsable de accidentes\/p\u00e9rdidas si he adquirido estas protecciones?\u00bb]S\u00ed, en casos excepcionales, si ha incumplido el acuerdo de alquiler que figura en el contrato y en la sobrecubierta del contrato de alquiler. Ejemplos: da\u00f1os o p\u00e9rdidas causados mientras el veh\u00edculo era conducido por conductores no autorizados. Todos los conductores autorizados deben figurar en el contrato. Otros Ejemplos: conducir bajo los efectos del alcohol, usos e infracciones prohibidas, etc&#8230; consulte el contrato de alquiler y la funda del contrato de alquiler para obtener informaci\u00f3n completa.[\/vc_toggle][\/vc_column][\/vc_row][\/vc_section]<\/p>\n<\/div>","protected":false},"excerpt":{"rendered":"<p>[vc_row is_header=\u00bbtrue\u00bb][vc_column width=\u00bb7\/12&#8243;][vc_column_text] \u00bfHa tenido un accidente de coche? Por favor, no se preocupe. Globe tramita gratuitamente su siniestro de la A a la Z en su nombre Sin embargo, necesitamos su colaboraci\u00f3n para que esto sea lo m\u00e1s f\u00e1cil posible. Lea atentamente los siguientes documentos, ya que contienen informaci\u00f3n importante. En el momento del [&hellip;]<\/p>\n","protected":false},"author":1,"featured_media":0,"parent":13502,"menu_order":0,"comment_status":"closed","ping_status":"closed","template":"","meta":{"_acf_changed":false,"_genesis_hide_title":false,"_genesis_hide_breadcrumbs":false,"_genesis_hide_singular_image":false,"_genesis_hide_footer_widgets":false,"_genesis_custom_body_class":"","_genesis_custom_post_class":"","_genesis_layout":"","jetpack_post_was_ever_published":false,"footnotes":""},"class_list":{"0":"post-13504","1":"page","2":"type-page","3":"status-publish","5":"entry"},"acf":[],"yoast_head":"<!-- This site is optimized with the Yoast SEO Premium plugin v27.1 (Yoast SEO v27.1.1) - https:\/\/yoast.com\/product\/yoast-seo-premium-wordpress\/ -->\n<title>Reclamaciones - Sin complicaciones | Alquiler de coches y camiones Globe en Montreal<\/title>\n<meta name=\"description\" content=\"Reclamaci\u00f3n de alquiler de coche - Ha tomado la mejor decisi\u00f3n al contratar la protecci\u00f3n total de Globe. Si\u00e9ntese y rel\u00e1jese.\" \/>\n<meta name=\"robots\" content=\"index, follow, max-snippet:-1, max-image-preview:large, max-video-preview:-1\" \/>\n<link rel=\"canonical\" href=\"https:\/\/www.globecar.com\/es\/ayuda\/reclamaciones\/globe-cdw-pap\/\" \/>\n<meta property=\"og:locale\" content=\"es_ES\" \/>\n<meta property=\"og:type\" content=\"article\" \/>\n<meta property=\"og:title\" content=\"Globo comprado CDW + PAP\" \/>\n<meta property=\"og:description\" content=\"\u00bfHa tenido un accidente de coche? Por favor, no se preocupe. Globe tramita gratuitamente su siniestro de la A a la Z en su nombre Sin embargo, necesitamos\" \/>\n<meta property=\"og:url\" content=\"https:\/\/www.globecar.com\/es\/ayuda\/reclamaciones\/globe-cdw-pap\/\" \/>\n<meta property=\"og:site_name\" content=\"Alquiler de coches y camiones Globe en Montreal\" \/>\n<meta property=\"article:publisher\" content=\"https:\/\/www.facebook.com\/GlobeCar\" \/>\n<meta property=\"article:modified_time\" content=\"2024-05-08T13:05:50+00:00\" \/>\n<meta property=\"og:image\" content=\"https:\/\/www.globecar.com\/wp-content\/uploads\/2023\/12\/thumbnail_logo_final-1.jpg\" \/>\n\t<meta property=\"og:image:width\" content=\"555\" \/>\n\t<meta property=\"og:image:height\" content=\"555\" \/>\n\t<meta property=\"og:image:type\" content=\"image\/jpeg\" \/>\n<meta name=\"twitter:card\" content=\"summary_large_image\" \/>\n<meta name=\"twitter:site\" content=\"@GlobeCar\" \/>\n<meta name=\"twitter:label1\" content=\"Tiempo de lectura\" \/>\n\t<meta name=\"twitter:data1\" content=\"1 minuto\" \/>\n<script type=\"application\/ld+json\" class=\"yoast-schema-graph\">{\"@context\":\"https:\/\/schema.org\",\"@graph\":[{\"@type\":\"WebPage\",\"@id\":\"https:\/\/www.globecar.com\/es\/ayuda\/reclamaciones\/globe-cdw-pap\/\",\"url\":\"https:\/\/www.globecar.com\/es\/ayuda\/reclamaciones\/globe-cdw-pap\/\",\"name\":\"Reclamaciones - Sin complicaciones | Alquiler de coches y camiones Globe en Montreal\",\"isPartOf\":{\"@id\":\"https:\/\/www.globecar.com\/es\/#website\"},\"datePublished\":\"2024-03-19T18:04:53+00:00\",\"dateModified\":\"2024-05-08T13:05:50+00:00\",\"description\":\"Reclamaci\u00f3n de alquiler de coche - Ha tomado la mejor decisi\u00f3n al contratar la protecci\u00f3n total de Globe. Si\u00e9ntese y rel\u00e1jese.\",\"breadcrumb\":{\"@id\":\"https:\/\/www.globecar.com\/es\/ayuda\/reclamaciones\/globe-cdw-pap\/#breadcrumb\"},\"inLanguage\":\"es\",\"potentialAction\":[{\"@type\":\"ReadAction\",\"target\":[\"https:\/\/www.globecar.com\/es\/ayuda\/reclamaciones\/globe-cdw-pap\/\"]}]},{\"@type\":\"BreadcrumbList\",\"@id\":\"https:\/\/www.globecar.com\/es\/ayuda\/reclamaciones\/globe-cdw-pap\/#breadcrumb\",\"itemListElement\":[{\"@type\":\"ListItem\",\"position\":1,\"name\":\"Inicio\",\"item\":\"https:\/\/www.globecar.com\/es\/\"},{\"@type\":\"ListItem\",\"position\":2,\"name\":\"Ayuda\",\"item\":\"https:\/\/www.globecar.com\/es\/ayuda\/\"},{\"@type\":\"ListItem\",\"position\":3,\"name\":\"Reclamaciones\",\"item\":\"https:\/\/www.globecar.com\/es\/ayuda\/reclamaciones\/\"},{\"@type\":\"ListItem\",\"position\":4,\"name\":\"Globo comprado CDW + PAP\"}]},{\"@type\":\"WebSite\",\"@id\":\"https:\/\/www.globecar.com\/es\/#website\",\"url\":\"https:\/\/www.globecar.com\/es\/\",\"name\":\"Globe Location d'Autos et Camions \u00e0 Montr\u00e9al\",\"description\":\"Drive 4 Less\",\"publisher\":{\"@id\":\"https:\/\/www.globecar.com\/es\/#organization\"},\"alternateName\":\"GlobeCar\",\"potentialAction\":[{\"@type\":\"SearchAction\",\"target\":{\"@type\":\"EntryPoint\",\"urlTemplate\":\"https:\/\/www.globecar.com\/es\/?s={search_term_string}\"},\"query-input\":{\"@type\":\"PropertyValueSpecification\",\"valueRequired\":true,\"valueName\":\"search_term_string\"}}],\"inLanguage\":\"es\"},{\"@type\":\"Organization\",\"@id\":\"https:\/\/www.globecar.com\/es\/#organization\",\"name\":\"Globe Car & Truck Rental\",\"alternateName\":\"GlobeCar\",\"url\":\"https:\/\/www.globecar.com\/es\/\",\"logo\":{\"@type\":\"ImageObject\",\"inLanguage\":\"es\",\"@id\":\"https:\/\/www.globecar.com\/es\/#\/schema\/logo\/image\/\",\"url\":\"https:\/\/www.globecar.com\/wp-content\/uploads\/2023\/12\/thumbnail_logo_final-1.jpg\",\"contentUrl\":\"https:\/\/www.globecar.com\/wp-content\/uploads\/2023\/12\/thumbnail_logo_final-1.jpg\",\"width\":555,\"height\":555,\"caption\":\"Globe Car & Truck Rental\"},\"image\":{\"@id\":\"https:\/\/www.globecar.com\/es\/#\/schema\/logo\/image\/\"},\"sameAs\":[\"https:\/\/www.facebook.com\/GlobeCar\",\"https:\/\/x.com\/GlobeCar\",\"https:\/\/mastodon.social\/@globecar\",\"https:\/\/www.instagram.com\/globecar\/\",\"https:\/\/www.linkedin.com\/company\/globecar\/\",\"https:\/\/www.pinterest.com\/globecar\",\"https:\/\/www.youtube.com\/c\/GlobecarRentals\"]}]}<\/script>\n<!-- \/ Yoast SEO Premium plugin. -->","yoast_head_json":{"title":"Reclamaciones - Sin complicaciones | Alquiler de coches y camiones Globe en Montreal","description":"Reclamaci\u00f3n de alquiler de coche - Ha tomado la mejor decisi\u00f3n al contratar la protecci\u00f3n total de Globe. Si\u00e9ntese y rel\u00e1jese.","robots":{"index":"index","follow":"follow","max-snippet":"max-snippet:-1","max-image-preview":"max-image-preview:large","max-video-preview":"max-video-preview:-1"},"canonical":"https:\/\/www.globecar.com\/es\/ayuda\/reclamaciones\/globe-cdw-pap\/","og_locale":"es_ES","og_type":"article","og_title":"Globo comprado CDW + PAP","og_description":"\u00bfHa tenido un accidente de coche? Por favor, no se preocupe. Globe tramita gratuitamente su siniestro de la A a la Z en su nombre Sin embargo, necesitamos","og_url":"https:\/\/www.globecar.com\/es\/ayuda\/reclamaciones\/globe-cdw-pap\/","og_site_name":"Alquiler de coches y camiones Globe en Montreal","article_publisher":"https:\/\/www.facebook.com\/GlobeCar","article_modified_time":"2024-05-08T13:05:50+00:00","og_image":[{"width":555,"height":555,"url":"https:\/\/www.globecar.com\/wp-content\/uploads\/2023\/12\/thumbnail_logo_final-1.jpg","type":"image\/jpeg"}],"twitter_card":"summary_large_image","twitter_site":"@GlobeCar","twitter_misc":{"Tiempo de lectura":"1 minuto"},"schema":{"@context":"https:\/\/schema.org","@graph":[{"@type":"WebPage","@id":"https:\/\/www.globecar.com\/es\/ayuda\/reclamaciones\/globe-cdw-pap\/","url":"https:\/\/www.globecar.com\/es\/ayuda\/reclamaciones\/globe-cdw-pap\/","name":"Reclamaciones - Sin complicaciones | Alquiler de coches y camiones Globe en Montreal","isPartOf":{"@id":"https:\/\/www.globecar.com\/es\/#website"},"datePublished":"2024-03-19T18:04:53+00:00","dateModified":"2024-05-08T13:05:50+00:00","description":"Reclamaci\u00f3n de alquiler de coche - Ha tomado la mejor decisi\u00f3n al contratar la protecci\u00f3n total de Globe. Si\u00e9ntese y rel\u00e1jese.","breadcrumb":{"@id":"https:\/\/www.globecar.com\/es\/ayuda\/reclamaciones\/globe-cdw-pap\/#breadcrumb"},"inLanguage":"es","potentialAction":[{"@type":"ReadAction","target":["https:\/\/www.globecar.com\/es\/ayuda\/reclamaciones\/globe-cdw-pap\/"]}]},{"@type":"BreadcrumbList","@id":"https:\/\/www.globecar.com\/es\/ayuda\/reclamaciones\/globe-cdw-pap\/#breadcrumb","itemListElement":[{"@type":"ListItem","position":1,"name":"Inicio","item":"https:\/\/www.globecar.com\/es\/"},{"@type":"ListItem","position":2,"name":"Ayuda","item":"https:\/\/www.globecar.com\/es\/ayuda\/"},{"@type":"ListItem","position":3,"name":"Reclamaciones","item":"https:\/\/www.globecar.com\/es\/ayuda\/reclamaciones\/"},{"@type":"ListItem","position":4,"name":"Globo comprado CDW + PAP"}]},{"@type":"WebSite","@id":"https:\/\/www.globecar.com\/es\/#website","url":"https:\/\/www.globecar.com\/es\/","name":"Globe Location d'Autos et Camions \u00e0 Montr\u00e9al","description":"Drive 4 Less","publisher":{"@id":"https:\/\/www.globecar.com\/es\/#organization"},"alternateName":"GlobeCar","potentialAction":[{"@type":"SearchAction","target":{"@type":"EntryPoint","urlTemplate":"https:\/\/www.globecar.com\/es\/?s={search_term_string}"},"query-input":{"@type":"PropertyValueSpecification","valueRequired":true,"valueName":"search_term_string"}}],"inLanguage":"es"},{"@type":"Organization","@id":"https:\/\/www.globecar.com\/es\/#organization","name":"Globe Car & Truck Rental","alternateName":"GlobeCar","url":"https:\/\/www.globecar.com\/es\/","logo":{"@type":"ImageObject","inLanguage":"es","@id":"https:\/\/www.globecar.com\/es\/#\/schema\/logo\/image\/","url":"https:\/\/www.globecar.com\/wp-content\/uploads\/2023\/12\/thumbnail_logo_final-1.jpg","contentUrl":"https:\/\/www.globecar.com\/wp-content\/uploads\/2023\/12\/thumbnail_logo_final-1.jpg","width":555,"height":555,"caption":"Globe Car & Truck Rental"},"image":{"@id":"https:\/\/www.globecar.com\/es\/#\/schema\/logo\/image\/"},"sameAs":["https:\/\/www.facebook.com\/GlobeCar","https:\/\/x.com\/GlobeCar","https:\/\/mastodon.social\/@globecar","https:\/\/www.instagram.com\/globecar\/","https:\/\/www.linkedin.com\/company\/globecar\/","https:\/\/www.pinterest.com\/globecar","https:\/\/www.youtube.com\/c\/GlobecarRentals"]}]}},"jetpack_sharing_enabled":true,"jetpack_shortlink":"https:\/\/wp.me\/PaiT2D-3vO","_links":{"self":[{"href":"https:\/\/www.globecar.com\/es\/wp-json\/wp\/v2\/pages\/13504","targetHints":{"allow":["GET"]}}],"collection":[{"href":"https:\/\/www.globecar.com\/es\/wp-json\/wp\/v2\/pages"}],"about":[{"href":"https:\/\/www.globecar.com\/es\/wp-json\/wp\/v2\/types\/page"}],"author":[{"embeddable":true,"href":"https:\/\/www.globecar.com\/es\/wp-json\/wp\/v2\/users\/1"}],"replies":[{"embeddable":true,"href":"https:\/\/www.globecar.com\/es\/wp-json\/wp\/v2\/comments?post=13504"}],"version-history":[{"count":0,"href":"https:\/\/www.globecar.com\/es\/wp-json\/wp\/v2\/pages\/13504\/revisions"}],"up":[{"embeddable":true,"href":"https:\/\/www.globecar.com\/es\/wp-json\/wp\/v2\/pages\/13502"}],"wp:attachment":[{"href":"https:\/\/www.globecar.com\/es\/wp-json\/wp\/v2\/media?parent=13504"}],"curies":[{"name":"wp","href":"https:\/\/api.w.org\/{rel}","templated":true}]}}