{"id":13503,"date":"2024-03-19T14:04:52","date_gmt":"2024-03-19T18:04:52","guid":{"rendered":"https:\/\/www.globecar.com\/going-to-usa\/"},"modified":"2024-05-08T09:10:42","modified_gmt":"2024-05-08T13:10:42","slug":"going-to-usa","status":"publish","type":"page","link":"https:\/\/www.globecar.com\/es\/servicios-adicionales\/going-to-usa\/","title":{"rendered":"Ir a EE.UU."},"content":{"rendered":"<div class=\"wpb-content-wrapper\"><p>[vc_row is_header=\u00bbtrue\u00bb][vc_column width=\u00bb9\/12&#8243; css=\u00bb.vc_custom_1507234159430{padding-top: 3em !important;padding-bottom: 3em !important;}\u00bb][vc_column_text]<\/p>\n<h1>\u00bfVa a cruzar la frontera con su coche de alquiler?<\/h1>\n<h2>Llevar el coche de alquiler a EE.UU. es posible.<\/h2>\n<p>Debe avisar a la agencia de alquiler de coches antes de viajar a EE.UU. con su coche alquilado. Antes de cruzar la frontera de EE.UU., aseg\u00farate de que tienes la matr\u00edcula, el seguro y una copia del contrato de alquiler (las copias electr\u00f3nicas valen). Nota: Se aplicar\u00e1 un cargo de 5,95 $\/d\u00eda por conducir en EE.UU. Si no a\u00f1ade esta opci\u00f3n antes de cruzar la frontera, estar\u00e1 incumpliendo el contrato de alquiler. Todo el kilometraje acumulado se cobrar\u00e1 de acuerdo con la tarifa por km aplicable en su contrato.[\/vc_column_text][\/vc_column][vc_column width=\u00bb3\/12&#8243;]\n\t\t\t<div class=\"price-ad  dark\"><span class=\"title\">S\u00f3lo<\/span><p class=\"amount\"><sup>$<\/sup>5<span class=\"cents\">,95 <\/span><span class=\"per\">\/al d\u00cda<\/span><\/p><span class=\"amount-footer\"><\/span><\/div>[\/vc_column][\/vc_row][vc_section is_container=\u00bbtrue\u00bb][vc_row][vc_column][vc_column_text]<span style=\"font-weight: 400;\">La cobertura del seguro de responsabilidad civil en EE.UU. es, por ley, mucho m\u00e1s elevada que en Canad\u00e1. Por lo tanto, para nuestra protecci\u00f3n mutua, aumentamos su cobertura de 1 a 5 millones de d\u00f3lares. <\/span><\/p>\n<h3>Conducir su coche de alquiler a EE.UU.<\/h3>\n<ul>\n<li style=\"font-weight: 400;\"><span style=\"font-weight: 400;\"><strong>Desde Montreal, los estados permitidos son:<\/strong> Maine, Nuevo Hampshire, Vermont, Nueva York, Nueva Jersey, Massachusetts, Rhode Island y Connecticut. Si el Estado que pretende visitar no figura en esta lista, no podr\u00e1 conducir hasta all\u00ed.<\/span><\/li>\n<\/ul>\n<p>Esto significa que si el estado que desea visitar no est\u00e1 en la lista anterior, no se le permite conducir all\u00ed.[\/vc_column_text][\/vc_column][\/vc_row][\/vc_section]<\/p>\n<\/div>","protected":false},"excerpt":{"rendered":"<p>[vc_row is_header=\u00bbtrue\u00bb][vc_column width=\u00bb9\/12&#8243; css=\u00bb.vc_custom_1507234159430{padding-top: 3em !important;padding-bottom: 3em !important;}\u00bb][vc_column_text] \u00bfVa a cruzar la frontera con su coche de alquiler? Llevar el coche de alquiler a EE.UU. es posible. Debe avisar a la agencia de alquiler de coches antes de viajar a EE.UU. con su coche alquilado. Antes de cruzar la frontera de EE.UU., aseg\u00farate de que [&hellip;]<\/p>\n","protected":false},"author":1,"featured_media":0,"parent":13737,"menu_order":0,"comment_status":"closed","ping_status":"closed","template":"","meta":{"_acf_changed":false,"_genesis_hide_title":false,"_genesis_hide_breadcrumbs":false,"_genesis_hide_singular_image":false,"_genesis_hide_footer_widgets":false,"_genesis_custom_body_class":"","_genesis_custom_post_class":"","_genesis_layout":"","jetpack_post_was_ever_published":false,"footnotes":""},"class_list":{"0":"post-13503","1":"page","2":"type-page","3":"status-publish","5":"entry"},"acf":[],"yoast_head":"<!-- This site is optimized with the Yoast SEO Premium plugin v27.1 (Yoast SEO v27.1.1) - https:\/\/yoast.com\/product\/yoast-seo-premium-wordpress\/ -->\n<title>Ir a EE.UU. con coches | Alquiler de coches y camiones Globe en Montreal<\/title>\n<meta name=\"description\" content=\"Es posible cruzar la frontera estadounidense con su coche de alquiler por una tarifa nominal de 5,95 $\/d\u00eda. Consigue la libertad que deseas y visita a nuestros amistosos vecinos de EE.UU.\" \/>\n<meta name=\"robots\" content=\"index, follow, max-snippet:-1, max-image-preview:large, max-video-preview:-1\" \/>\n<link rel=\"canonical\" href=\"https:\/\/www.globecar.com\/es\/servicios-adicionales\/going-to-usa\/\" \/>\n<meta property=\"og:locale\" content=\"es_ES\" \/>\n<meta property=\"og:type\" content=\"article\" \/>\n<meta property=\"og:title\" content=\"Ir a EE.UU.\" \/>\n<meta property=\"og:description\" content=\"\u00bfVa a cruzar la frontera con su coche de alquiler? Llevar el coche de alquiler a EE.UU. es posible. Debe avisar a la agencia de alquiler de coches antes\" \/>\n<meta property=\"og:url\" content=\"https:\/\/www.globecar.com\/es\/servicios-adicionales\/going-to-usa\/\" \/>\n<meta property=\"og:site_name\" content=\"Alquiler de coches y camiones Globe en Montreal\" \/>\n<meta property=\"article:publisher\" content=\"https:\/\/www.facebook.com\/GlobeCar\" \/>\n<meta property=\"article:modified_time\" content=\"2024-05-08T13:10:42+00:00\" \/>\n<meta property=\"og:image\" content=\"https:\/\/www.globecar.com\/wp-content\/uploads\/2023\/12\/thumbnail_logo_final-1.jpg\" \/>\n\t<meta property=\"og:image:width\" content=\"555\" \/>\n\t<meta property=\"og:image:height\" content=\"555\" \/>\n\t<meta property=\"og:image:type\" content=\"image\/jpeg\" \/>\n<meta name=\"twitter:card\" content=\"summary_large_image\" \/>\n<meta name=\"twitter:site\" content=\"@GlobeCar\" \/>\n<meta name=\"twitter:label1\" content=\"Tiempo de lectura\" \/>\n\t<meta name=\"twitter:data1\" content=\"1 minuto\" \/>\n<script type=\"application\/ld+json\" class=\"yoast-schema-graph\">{\"@context\":\"https:\/\/schema.org\",\"@graph\":[{\"@type\":\"WebPage\",\"@id\":\"https:\/\/www.globecar.com\/es\/servicios-adicionales\/going-to-usa\/\",\"url\":\"https:\/\/www.globecar.com\/es\/servicios-adicionales\/going-to-usa\/\",\"name\":\"Ir a EE.UU. con coches | Alquiler de coches y camiones Globe en Montreal\",\"isPartOf\":{\"@id\":\"https:\/\/www.globecar.com\/es\/#website\"},\"datePublished\":\"2024-03-19T18:04:52+00:00\",\"dateModified\":\"2024-05-08T13:10:42+00:00\",\"description\":\"Es posible cruzar la frontera estadounidense con su coche de alquiler por una tarifa nominal de 5,95 $\/d\u00eda. Consigue la libertad que deseas y visita a nuestros amistosos vecinos de EE.UU.\",\"breadcrumb\":{\"@id\":\"https:\/\/www.globecar.com\/es\/servicios-adicionales\/going-to-usa\/#breadcrumb\"},\"inLanguage\":\"es\",\"potentialAction\":[{\"@type\":\"ReadAction\",\"target\":[\"https:\/\/www.globecar.com\/es\/servicios-adicionales\/going-to-usa\/\"]}]},{\"@type\":\"BreadcrumbList\",\"@id\":\"https:\/\/www.globecar.com\/es\/servicios-adicionales\/going-to-usa\/#breadcrumb\",\"itemListElement\":[{\"@type\":\"ListItem\",\"position\":1,\"name\":\"Inicio\",\"item\":\"https:\/\/www.globecar.com\/es\/\"},{\"@type\":\"ListItem\",\"position\":2,\"name\":\"Servicios adicionales\",\"item\":\"https:\/\/www.globecar.com\/es\/servicios-adicionales\/\"},{\"@type\":\"ListItem\",\"position\":3,\"name\":\"Ir a EE.UU.\"}]},{\"@type\":\"WebSite\",\"@id\":\"https:\/\/www.globecar.com\/es\/#website\",\"url\":\"https:\/\/www.globecar.com\/es\/\",\"name\":\"Globe Location d'Autos et Camions \u00e0 Montr\u00e9al\",\"description\":\"Drive 4 Less\",\"publisher\":{\"@id\":\"https:\/\/www.globecar.com\/es\/#organization\"},\"alternateName\":\"GlobeCar\",\"potentialAction\":[{\"@type\":\"SearchAction\",\"target\":{\"@type\":\"EntryPoint\",\"urlTemplate\":\"https:\/\/www.globecar.com\/es\/?s={search_term_string}\"},\"query-input\":{\"@type\":\"PropertyValueSpecification\",\"valueRequired\":true,\"valueName\":\"search_term_string\"}}],\"inLanguage\":\"es\"},{\"@type\":\"Organization\",\"@id\":\"https:\/\/www.globecar.com\/es\/#organization\",\"name\":\"Globe Car & Truck Rental\",\"alternateName\":\"GlobeCar\",\"url\":\"https:\/\/www.globecar.com\/es\/\",\"logo\":{\"@type\":\"ImageObject\",\"inLanguage\":\"es\",\"@id\":\"https:\/\/www.globecar.com\/es\/#\/schema\/logo\/image\/\",\"url\":\"https:\/\/www.globecar.com\/wp-content\/uploads\/2023\/12\/thumbnail_logo_final-1.jpg\",\"contentUrl\":\"https:\/\/www.globecar.com\/wp-content\/uploads\/2023\/12\/thumbnail_logo_final-1.jpg\",\"width\":555,\"height\":555,\"caption\":\"Globe Car & Truck Rental\"},\"image\":{\"@id\":\"https:\/\/www.globecar.com\/es\/#\/schema\/logo\/image\/\"},\"sameAs\":[\"https:\/\/www.facebook.com\/GlobeCar\",\"https:\/\/x.com\/GlobeCar\",\"https:\/\/mastodon.social\/@globecar\",\"https:\/\/www.instagram.com\/globecar\/\",\"https:\/\/www.linkedin.com\/company\/globecar\/\",\"https:\/\/www.pinterest.com\/globecar\",\"https:\/\/www.youtube.com\/c\/GlobecarRentals\"]}]}<\/script>\n<!-- \/ Yoast SEO Premium plugin. -->","yoast_head_json":{"title":"Ir a EE.UU. con coches | Alquiler de coches y camiones Globe en Montreal","description":"Es posible cruzar la frontera estadounidense con su coche de alquiler por una tarifa nominal de 5,95 $\/d\u00eda. Consigue la libertad que deseas y visita a nuestros amistosos vecinos de EE.UU.","robots":{"index":"index","follow":"follow","max-snippet":"max-snippet:-1","max-image-preview":"max-image-preview:large","max-video-preview":"max-video-preview:-1"},"canonical":"https:\/\/www.globecar.com\/es\/servicios-adicionales\/going-to-usa\/","og_locale":"es_ES","og_type":"article","og_title":"Ir a EE.UU.","og_description":"\u00bfVa a cruzar la frontera con su coche de alquiler? Llevar el coche de alquiler a EE.UU. es posible. Debe avisar a la agencia de alquiler de coches antes","og_url":"https:\/\/www.globecar.com\/es\/servicios-adicionales\/going-to-usa\/","og_site_name":"Alquiler de coches y camiones Globe en Montreal","article_publisher":"https:\/\/www.facebook.com\/GlobeCar","article_modified_time":"2024-05-08T13:10:42+00:00","og_image":[{"width":555,"height":555,"url":"https:\/\/www.globecar.com\/wp-content\/uploads\/2023\/12\/thumbnail_logo_final-1.jpg","type":"image\/jpeg"}],"twitter_card":"summary_large_image","twitter_site":"@GlobeCar","twitter_misc":{"Tiempo de lectura":"1 minuto"},"schema":{"@context":"https:\/\/schema.org","@graph":[{"@type":"WebPage","@id":"https:\/\/www.globecar.com\/es\/servicios-adicionales\/going-to-usa\/","url":"https:\/\/www.globecar.com\/es\/servicios-adicionales\/going-to-usa\/","name":"Ir a EE.UU. con coches | Alquiler de coches y camiones Globe en Montreal","isPartOf":{"@id":"https:\/\/www.globecar.com\/es\/#website"},"datePublished":"2024-03-19T18:04:52+00:00","dateModified":"2024-05-08T13:10:42+00:00","description":"Es posible cruzar la frontera estadounidense con su coche de alquiler por una tarifa nominal de 5,95 $\/d\u00eda. Consigue la libertad que deseas y visita a nuestros amistosos vecinos de EE.UU.","breadcrumb":{"@id":"https:\/\/www.globecar.com\/es\/servicios-adicionales\/going-to-usa\/#breadcrumb"},"inLanguage":"es","potentialAction":[{"@type":"ReadAction","target":["https:\/\/www.globecar.com\/es\/servicios-adicionales\/going-to-usa\/"]}]},{"@type":"BreadcrumbList","@id":"https:\/\/www.globecar.com\/es\/servicios-adicionales\/going-to-usa\/#breadcrumb","itemListElement":[{"@type":"ListItem","position":1,"name":"Inicio","item":"https:\/\/www.globecar.com\/es\/"},{"@type":"ListItem","position":2,"name":"Servicios adicionales","item":"https:\/\/www.globecar.com\/es\/servicios-adicionales\/"},{"@type":"ListItem","position":3,"name":"Ir a EE.UU."}]},{"@type":"WebSite","@id":"https:\/\/www.globecar.com\/es\/#website","url":"https:\/\/www.globecar.com\/es\/","name":"Globe Location d'Autos et Camions \u00e0 Montr\u00e9al","description":"Drive 4 Less","publisher":{"@id":"https:\/\/www.globecar.com\/es\/#organization"},"alternateName":"GlobeCar","potentialAction":[{"@type":"SearchAction","target":{"@type":"EntryPoint","urlTemplate":"https:\/\/www.globecar.com\/es\/?s={search_term_string}"},"query-input":{"@type":"PropertyValueSpecification","valueRequired":true,"valueName":"search_term_string"}}],"inLanguage":"es"},{"@type":"Organization","@id":"https:\/\/www.globecar.com\/es\/#organization","name":"Globe Car & Truck Rental","alternateName":"GlobeCar","url":"https:\/\/www.globecar.com\/es\/","logo":{"@type":"ImageObject","inLanguage":"es","@id":"https:\/\/www.globecar.com\/es\/#\/schema\/logo\/image\/","url":"https:\/\/www.globecar.com\/wp-content\/uploads\/2023\/12\/thumbnail_logo_final-1.jpg","contentUrl":"https:\/\/www.globecar.com\/wp-content\/uploads\/2023\/12\/thumbnail_logo_final-1.jpg","width":555,"height":555,"caption":"Globe Car & Truck Rental"},"image":{"@id":"https:\/\/www.globecar.com\/es\/#\/schema\/logo\/image\/"},"sameAs":["https:\/\/www.facebook.com\/GlobeCar","https:\/\/x.com\/GlobeCar","https:\/\/mastodon.social\/@globecar","https:\/\/www.instagram.com\/globecar\/","https:\/\/www.linkedin.com\/company\/globecar\/","https:\/\/www.pinterest.com\/globecar","https:\/\/www.youtube.com\/c\/GlobecarRentals"]}]}},"jetpack_sharing_enabled":true,"jetpack_shortlink":"https:\/\/wp.me\/PaiT2D-3vN","_links":{"self":[{"href":"https:\/\/www.globecar.com\/es\/wp-json\/wp\/v2\/pages\/13503","targetHints":{"allow":["GET"]}}],"collection":[{"href":"https:\/\/www.globecar.com\/es\/wp-json\/wp\/v2\/pages"}],"about":[{"href":"https:\/\/www.globecar.com\/es\/wp-json\/wp\/v2\/types\/page"}],"author":[{"embeddable":true,"href":"https:\/\/www.globecar.com\/es\/wp-json\/wp\/v2\/users\/1"}],"replies":[{"embeddable":true,"href":"https:\/\/www.globecar.com\/es\/wp-json\/wp\/v2\/comments?post=13503"}],"version-history":[{"count":0,"href":"https:\/\/www.globecar.com\/es\/wp-json\/wp\/v2\/pages\/13503\/revisions"}],"up":[{"embeddable":true,"href":"https:\/\/www.globecar.com\/es\/wp-json\/wp\/v2\/pages\/13737"}],"wp:attachment":[{"href":"https:\/\/www.globecar.com\/es\/wp-json\/wp\/v2\/media?parent=13503"}],"curies":[{"name":"wp","href":"https:\/\/api.w.org\/{rel}","templated":true}]}}