{"id":465,"date":"2017-08-04T14:03:44","date_gmt":"2017-08-04T14:03:44","guid":{"rendered":"https:\/\/www.globecar.com\/?page_id=465\/"},"modified":"2025-03-13T03:30:17","modified_gmt":"2025-03-13T07:30:17","slug":"globe-goes-green","status":"publish","type":"page","link":"https:\/\/www.globecar.com\/en\/about\/globe-goes-green\/","title":{"rendered":"Globe goes Green!"},"content":{"rendered":"<div class=\"wpb-content-wrapper\"><p>[vc_row is_header=&#8221;true&#8221;][vc_column width=&#8221;2\/3&#8243;][vc_column_text]<\/p>\n<h1>How green is Globe?<\/h1>\n<h2>Globe Does Its Part!<\/h2>\n<p>The environment is top of mind for all Globe Car Rental Staff. We do our part by having formal environmental policies, using products that are sustainable, recycled or recyclable and adopting environmentally sound work processes.[\/vc_column_text][\/vc_column][vc_column width=&#8221;1\/3&#8243;][vc_single_image image=&#8221;764&#8243; img_size=&#8221;full&#8221; alignment=&#8221;right&#8221;][\/vc_column][\/vc_row][vc_row][vc_column][vc_wp_custommenu nav_menu=&#8221;1929&#8243;][\/vc_column][\/vc_row][vc_section is_container=&#8221;true&#8221;][vc_row][vc_column][vc_column_text]<\/p>\n<h2>IN GOING GREEN, GLOBE INCORPORATED 14 POLICIES:<\/h2>\n<hr \/>\n<p>[\/vc_column_text][vc_toggle title=&#8221;Office Supplies&#8221;]We are continuously choosing suppliers that offer environmentally friendly paper and a wide range of office supplies needed for our car rental operation.[\/vc_toggle][vc_toggle title=&#8221;Printer Cartridges&#8221;]We use double sided paper to print the car hire agreement cutting paper usage in half. Same for the paper used at the car rental kiosk. We recycle our printer cartridges thereby reducing waste and aiding the environment.[\/vc_toggle][vc_toggle title=&#8221;Filtered Water&#8221;]We provide mineral water at all our car rental agency so that our customers and employees can enjoy the taste of pure water.\u00a0 Nothing is like great tasting water.[\/vc_toggle][vc_toggle title=&#8221;We Recycle Our Tires&#8221;]In partnership with\u00a0<u><a href=\"https:\/\/www.recyc-quebec.gouv.qc.ca\/entreprises-organismes\/mieux-gerer\/pneus-hors-usage\" target=\"_blank\" rel=\"noopener\">RECYC-QU\u00c9BEC\u00a0<\/a><\/u>(Soci\u00e9t\u00e9 qu\u00e9b\u00e9coise de r\u00e9cup\u00e9ration et de recyclage des Pneus), on a monthly basis old car rental tires are picked up and recycled for other uses.\u00a0 At cost of $3\/tire recuperation fee, Globe saves thousands of car tires every year.[\/vc_toggle][vc_toggle title=&#8221;Oil &amp; Filters are Recycled&#8221;]Our mechanics performs several hundred oil changes a year to keep our rental cars in top shape; so you could imagine how much used oil we have, even though we use the best synthetic oil and filters on the market! Every few months,\u00a0<u><a href=\"https:\/\/www.veolia.com\/en\/\" target=\"_blank\" rel=\"noopener\">our recycler<\/a><\/u>\u00a0comes by to pick up our used car engine oil and filters for recycling.[\/vc_toggle][vc_toggle title=&#8221;Conserve Energy&#8221;]At Globe Car Rental in Montreal, Canada we estimated that one computer workstation uses about 240\u00a0watts of power on average. This is why we have a policy in place to always shut down our computers at the end of the day, so as not to waste additional electricity.\u00a0 And when unmanned, the screens are set to go into sleep mode after 10 minutes of no activity further reducing our carbon foot print.[\/vc_toggle][vc_toggle title=&#8221;Energy Saving Lighting&#8221;]Did you know that 44% of the electricity bill in an average office is attributed to lighting? We make it a habit to turn off our car rental office lights when no one is present and utilize natural light whenever possible.\u00a0\u00a0 And, since 2008, we switched all electrical light bulbs to fluorescents.[\/vc_toggle][vc_toggle title=&#8221;Heating &amp; Cooling Optimization&#8221;]If it\u2019s hot outside, it\u2019s cool and comfortable in our car rental agency. We strive to ensure that we optimize our heating and cooling systems by reducing the temperature so that our offices are not too hot or too cold.\u00a0 We also have an Energy Star thermostat which is programmable according to our opening\/closing hours.[\/vc_toggle][vc_toggle title=&#8221;Paperless environment&#8221;]Whenever possible, we follow the paperless route,thus saving thousands of trees a year. Car rental agreements, receipts, claims, and follow-up documentation are emailed rather than printed or posted. \u00a0We are striving to influence clients to accept a paperless transaction whereby the car hire rental agreement and car rental condition reports are signed digitally and emailed rather than printed.[\/vc_toggle][vc_toggle title=&#8221;Paper Recycling&#8221;]Did you know that paper and\/or paper products accounts for more than 33% of all Canada\u2019s waste? We encourage paper recycling by having designated bins in all our rental car offices. We recycle all rental agreement jackets, and some go as far as making their own scrap blocks from scrap paper.[\/vc_toggle][vc_toggle title=&#8221;Montreal Car Rental Fleet&#8221;]About 68% of our car rentals in Montrea, Canada are fuel efficient.\u00a0 This allows us to compensate climate change by reducing our carbon footprint in the environment.[\/vc_toggle][vc_toggle title=&#8221;Fleet Maintenance Optimization&#8221;]We make sure that all our rental cars&#8217; tires are properly aligned, balanced and inflated in order to sustain optimal fuel efficiency.\u00a0 Many other car rental agencies neglect this important task resulting in pre-mature tire wear and higher fuel consumption to the client.[\/vc_toggle][vc_toggle title=&#8221;Air filtration system&#8221;]Breathing clean air reduces the chances of our staff and our loyal rent-a-car customers from catching a cold, and is beneficial to our allergy sufferers and asthmatics.\u00a0 Our Swiss made industrial quality air purifier\u00a0<u><a href=\"https:\/\/www.iqair.com\/\" target=\"_blank\" rel=\"noopener\">IQair<\/a><\/u>\u00a0removes contaminants and carbon from the air at our Mont-Royal branch.[\/vc_toggle][vc_toggle title=&#8221;Used Office Furniture&#8221;]At our continual effort to contribute in saving the environment, we purchase used or recycled office furniture when possible.[\/vc_toggle][\/vc_column][\/vc_row][\/vc_section][vc_section][vc_row full_width=&#8221;stretch_row&#8221;][vc_column]\n\t\t<div class=\"simple-banner \">\n\t\t\t<img decoding=\"async\" width=\"1574\" height=\"390\" src=\"https:\/\/www.globecar.com\/wp-content\/uploads\/2017\/08\/question_banner.jpg\" class=\"attachment-full size-full\" alt=\"question_banner\" srcset=\"https:\/\/www.globecar.com\/wp-content\/uploads\/2017\/08\/question_banner.jpg 1574w, https:\/\/www.globecar.com\/wp-content\/uploads\/2017\/08\/question_banner-150x37.jpg 150w, https:\/\/www.globecar.com\/wp-content\/uploads\/2017\/08\/question_banner-300x74.jpg 300w, https:\/\/www.globecar.com\/wp-content\/uploads\/2017\/08\/question_banner-768x190.jpg 768w, https:\/\/www.globecar.com\/wp-content\/uploads\/2017\/08\/question_banner-1024x254.jpg 1024w, https:\/\/www.globecar.com\/wp-content\/uploads\/2017\/08\/question_banner-300x74@2x.jpg 600w, https:\/\/www.globecar.com\/wp-content\/uploads\/2017\/08\/question_banner-768x190@2x.jpg 1536w\" sizes=\"(max-width: 1574px) 100vw, 1574px\" \/>\n\t\t\t<div class=\"wrap\"><div class=\"mini-wrap\"><h3>Have a question?<\/h3><\/div><a class=\"button onDark full large\" href=\"https:\/\/faq.globecar.com\/en\">Find easy answers<\/a>\t<\/div><\/div>[\/vc_column][\/vc_row][\/vc_section]<\/p>\n<\/div>","protected":false},"excerpt":{"rendered":"<p>[vc_row is_header=&#8221;true&#8221;][vc_column width=&#8221;2\/3&#8243;][vc_column_text] How green is Globe? Globe Does Its Part! The environment is top of mind for all Globe Car Rental Staff. We do our part by having formal environmental policies, using products that are sustainable, recycled or recyclable and adopting environmentally sound work processes.[\/vc_column_text][\/vc_column][vc_column width=&#8221;1\/3&#8243;][vc_single_image image=&#8221;764&#8243; img_size=&#8221;full&#8221; alignment=&#8221;right&#8221;][\/vc_column][\/vc_row][vc_row][vc_column][vc_wp_custommenu nav_menu=&#8221;1929&#8243;][\/vc_column][\/vc_row][vc_section is_container=&#8221;true&#8221;][vc_row][vc_column][vc_column_text] IN GOING GREEN, [&hellip;]<\/p>\n","protected":false},"author":1,"featured_media":0,"parent":451,"menu_order":0,"comment_status":"closed","ping_status":"closed","template":"","meta":{"_acf_changed":false,"_genesis_hide_title":false,"_genesis_hide_breadcrumbs":false,"_genesis_hide_singular_image":false,"_genesis_hide_footer_widgets":false,"_genesis_custom_body_class":"","_genesis_custom_post_class":"","_genesis_layout":"","jetpack_post_was_ever_published":false,"footnotes":""},"class_list":{"0":"post-465","1":"page","2":"type-page","3":"status-publish","5":"entry","6":"has-post-thumbnail"},"acf":[],"yoast_head":"<!-- This site is optimized with the Yoast SEO Premium plugin v27.1 (Yoast SEO v27.1.1) - https:\/\/yoast.com\/product\/yoast-seo-premium-wordpress\/ -->\n<title>Our Green Policy | Globe Car &amp; Truck Rentals in Montreal<\/title>\n<meta name=\"description\" content=\"Sustainable and responsible development, climate change &amp; the environment are a top priority at Globe, see how we do our part to help save Mother Nature!\" \/>\n<meta name=\"robots\" content=\"index, follow, max-snippet:-1, max-image-preview:large, max-video-preview:-1\" \/>\n<link rel=\"canonical\" href=\"https:\/\/www.globecar.com\/en\/about\/globe-goes-green\/\" \/>\n<meta property=\"og:locale\" content=\"en_US\" \/>\n<meta property=\"og:type\" content=\"article\" \/>\n<meta property=\"og:title\" content=\"Globe goes Green!\" \/>\n<meta property=\"og:description\" content=\"How green is Globe? Globe Does Its Part! The environment is top of mind for all Globe Car Rental Staff. We do our part by having formal environmental\" \/>\n<meta property=\"og:url\" content=\"https:\/\/www.globecar.com\/en\/about\/globe-goes-green\/\" \/>\n<meta property=\"og:site_name\" content=\"Globe Car &amp; Truck Rentals in Montreal\" \/>\n<meta property=\"article:publisher\" content=\"https:\/\/www.facebook.com\/GlobeCar\" \/>\n<meta property=\"article:modified_time\" content=\"2025-03-13T07:30:17+00:00\" \/>\n<meta property=\"og:image\" content=\"https:\/\/www.globecar.com\/wp-content\/uploads\/2023\/12\/thumbnail_logo_final-1.jpg\" \/>\n\t<meta property=\"og:image:width\" content=\"555\" \/>\n\t<meta property=\"og:image:height\" content=\"555\" \/>\n\t<meta property=\"og:image:type\" content=\"image\/jpeg\" \/>\n<meta name=\"twitter:card\" content=\"summary_large_image\" \/>\n<meta name=\"twitter:site\" content=\"@GlobeCar\" \/>\n<meta name=\"twitter:label1\" content=\"Est. reading time\" \/>\n\t<meta name=\"twitter:data1\" content=\"4 minutes\" \/>\n<script type=\"application\/ld+json\" class=\"yoast-schema-graph\">{\"@context\":\"https:\/\/schema.org\",\"@graph\":[{\"@type\":\"WebPage\",\"@id\":\"https:\/\/www.globecar.com\/en\/about\/globe-goes-green\/\",\"url\":\"https:\/\/www.globecar.com\/en\/about\/globe-goes-green\/\",\"name\":\"Our Green Policy | Globe Car & Truck Rentals in Montreal\",\"isPartOf\":{\"@id\":\"https:\/\/www.globecar.com\/en\/#website\"},\"datePublished\":\"2017-08-04T14:03:44+00:00\",\"dateModified\":\"2025-03-13T07:30:17+00:00\",\"description\":\"Sustainable and responsible development, climate change & the environment are a top priority at Globe, see how we do our part to help save Mother Nature!\",\"breadcrumb\":{\"@id\":\"https:\/\/www.globecar.com\/en\/about\/globe-goes-green\/#breadcrumb\"},\"inLanguage\":\"en-US\",\"potentialAction\":[{\"@type\":\"ReadAction\",\"target\":[\"https:\/\/www.globecar.com\/en\/about\/globe-goes-green\/\"]}]},{\"@type\":\"BreadcrumbList\",\"@id\":\"https:\/\/www.globecar.com\/en\/about\/globe-goes-green\/#breadcrumb\",\"itemListElement\":[{\"@type\":\"ListItem\",\"position\":1,\"name\":\"Home\",\"item\":\"https:\/\/www.globecar.com\/en\/\"},{\"@type\":\"ListItem\",\"position\":2,\"name\":\"About\",\"item\":\"https:\/\/www.globecar.com\/en\/about\/\"},{\"@type\":\"ListItem\",\"position\":3,\"name\":\"Globe goes Green!\"}]},{\"@type\":\"WebSite\",\"@id\":\"https:\/\/www.globecar.com\/en\/#website\",\"url\":\"https:\/\/www.globecar.com\/en\/\",\"name\":\"Globe Location d'Autos et Camions \u00e0 Montr\u00e9al\",\"description\":\"Drive 4 Less\",\"publisher\":{\"@id\":\"https:\/\/www.globecar.com\/en\/#organization\"},\"alternateName\":\"GlobeCar\",\"potentialAction\":[{\"@type\":\"SearchAction\",\"target\":{\"@type\":\"EntryPoint\",\"urlTemplate\":\"https:\/\/www.globecar.com\/en\/?s={search_term_string}\"},\"query-input\":{\"@type\":\"PropertyValueSpecification\",\"valueRequired\":true,\"valueName\":\"search_term_string\"}}],\"inLanguage\":\"en-US\"},{\"@type\":\"Organization\",\"@id\":\"https:\/\/www.globecar.com\/en\/#organization\",\"name\":\"Globe Car & Truck Rental\",\"alternateName\":\"GlobeCar\",\"url\":\"https:\/\/www.globecar.com\/en\/\",\"logo\":{\"@type\":\"ImageObject\",\"inLanguage\":\"en-US\",\"@id\":\"https:\/\/www.globecar.com\/en\/#\/schema\/logo\/image\/\",\"url\":\"https:\/\/www.globecar.com\/wp-content\/uploads\/2023\/12\/thumbnail_logo_final-1.jpg\",\"contentUrl\":\"https:\/\/www.globecar.com\/wp-content\/uploads\/2023\/12\/thumbnail_logo_final-1.jpg\",\"width\":555,\"height\":555,\"caption\":\"Globe Car & Truck Rental\"},\"image\":{\"@id\":\"https:\/\/www.globecar.com\/en\/#\/schema\/logo\/image\/\"},\"sameAs\":[\"https:\/\/www.facebook.com\/GlobeCar\",\"https:\/\/x.com\/GlobeCar\",\"https:\/\/mastodon.social\/@globecar\",\"https:\/\/www.instagram.com\/globecar\/\",\"https:\/\/www.linkedin.com\/company\/globecar\/\",\"https:\/\/www.pinterest.com\/globecar\",\"https:\/\/www.youtube.com\/c\/GlobecarRentals\"]}]}<\/script>\n<!-- \/ Yoast SEO Premium plugin. -->","yoast_head_json":{"title":"Our Green Policy | Globe Car & Truck Rentals in Montreal","description":"Sustainable and responsible development, climate change & the environment are a top priority at Globe, see how we do our part to help save Mother Nature!","robots":{"index":"index","follow":"follow","max-snippet":"max-snippet:-1","max-image-preview":"max-image-preview:large","max-video-preview":"max-video-preview:-1"},"canonical":"https:\/\/www.globecar.com\/en\/about\/globe-goes-green\/","og_locale":"en_US","og_type":"article","og_title":"Globe goes Green!","og_description":"How green is Globe? Globe Does Its Part! The environment is top of mind for all Globe Car Rental Staff. We do our part by having formal environmental","og_url":"https:\/\/www.globecar.com\/en\/about\/globe-goes-green\/","og_site_name":"Globe Car &amp; Truck Rentals in Montreal","article_publisher":"https:\/\/www.facebook.com\/GlobeCar","article_modified_time":"2025-03-13T07:30:17+00:00","og_image":[{"width":555,"height":555,"url":"https:\/\/www.globecar.com\/wp-content\/uploads\/2023\/12\/thumbnail_logo_final-1.jpg","type":"image\/jpeg"}],"twitter_card":"summary_large_image","twitter_site":"@GlobeCar","twitter_misc":{"Est. reading time":"4 minutes"},"schema":{"@context":"https:\/\/schema.org","@graph":[{"@type":"WebPage","@id":"https:\/\/www.globecar.com\/en\/about\/globe-goes-green\/","url":"https:\/\/www.globecar.com\/en\/about\/globe-goes-green\/","name":"Our Green Policy | Globe Car & Truck Rentals in Montreal","isPartOf":{"@id":"https:\/\/www.globecar.com\/en\/#website"},"datePublished":"2017-08-04T14:03:44+00:00","dateModified":"2025-03-13T07:30:17+00:00","description":"Sustainable and responsible development, climate change & the environment are a top priority at Globe, see how we do our part to help save Mother Nature!","breadcrumb":{"@id":"https:\/\/www.globecar.com\/en\/about\/globe-goes-green\/#breadcrumb"},"inLanguage":"en-US","potentialAction":[{"@type":"ReadAction","target":["https:\/\/www.globecar.com\/en\/about\/globe-goes-green\/"]}]},{"@type":"BreadcrumbList","@id":"https:\/\/www.globecar.com\/en\/about\/globe-goes-green\/#breadcrumb","itemListElement":[{"@type":"ListItem","position":1,"name":"Home","item":"https:\/\/www.globecar.com\/en\/"},{"@type":"ListItem","position":2,"name":"About","item":"https:\/\/www.globecar.com\/en\/about\/"},{"@type":"ListItem","position":3,"name":"Globe goes Green!"}]},{"@type":"WebSite","@id":"https:\/\/www.globecar.com\/en\/#website","url":"https:\/\/www.globecar.com\/en\/","name":"Globe Location d'Autos et Camions \u00e0 Montr\u00e9al","description":"Drive 4 Less","publisher":{"@id":"https:\/\/www.globecar.com\/en\/#organization"},"alternateName":"GlobeCar","potentialAction":[{"@type":"SearchAction","target":{"@type":"EntryPoint","urlTemplate":"https:\/\/www.globecar.com\/en\/?s={search_term_string}"},"query-input":{"@type":"PropertyValueSpecification","valueRequired":true,"valueName":"search_term_string"}}],"inLanguage":"en-US"},{"@type":"Organization","@id":"https:\/\/www.globecar.com\/en\/#organization","name":"Globe Car & Truck Rental","alternateName":"GlobeCar","url":"https:\/\/www.globecar.com\/en\/","logo":{"@type":"ImageObject","inLanguage":"en-US","@id":"https:\/\/www.globecar.com\/en\/#\/schema\/logo\/image\/","url":"https:\/\/www.globecar.com\/wp-content\/uploads\/2023\/12\/thumbnail_logo_final-1.jpg","contentUrl":"https:\/\/www.globecar.com\/wp-content\/uploads\/2023\/12\/thumbnail_logo_final-1.jpg","width":555,"height":555,"caption":"Globe Car & Truck Rental"},"image":{"@id":"https:\/\/www.globecar.com\/en\/#\/schema\/logo\/image\/"},"sameAs":["https:\/\/www.facebook.com\/GlobeCar","https:\/\/x.com\/GlobeCar","https:\/\/mastodon.social\/@globecar","https:\/\/www.instagram.com\/globecar\/","https:\/\/www.linkedin.com\/company\/globecar\/","https:\/\/www.pinterest.com\/globecar","https:\/\/www.youtube.com\/c\/GlobecarRentals"]}]}},"jetpack_sharing_enabled":true,"jetpack_shortlink":"https:\/\/wp.me\/PaiT2D-7v","_links":{"self":[{"href":"https:\/\/www.globecar.com\/en\/wp-json\/wp\/v2\/pages\/465","targetHints":{"allow":["GET"]}}],"collection":[{"href":"https:\/\/www.globecar.com\/en\/wp-json\/wp\/v2\/pages"}],"about":[{"href":"https:\/\/www.globecar.com\/en\/wp-json\/wp\/v2\/types\/page"}],"author":[{"embeddable":true,"href":"https:\/\/www.globecar.com\/en\/wp-json\/wp\/v2\/users\/1"}],"replies":[{"embeddable":true,"href":"https:\/\/www.globecar.com\/en\/wp-json\/wp\/v2\/comments?post=465"}],"version-history":[{"count":10,"href":"https:\/\/www.globecar.com\/en\/wp-json\/wp\/v2\/pages\/465\/revisions"}],"predecessor-version":[{"id":17864,"href":"https:\/\/www.globecar.com\/en\/wp-json\/wp\/v2\/pages\/465\/revisions\/17864"}],"up":[{"embeddable":true,"href":"https:\/\/www.globecar.com\/en\/wp-json\/wp\/v2\/pages\/451"}],"wp:attachment":[{"href":"https:\/\/www.globecar.com\/en\/wp-json\/wp\/v2\/media?parent=465"}],"curies":[{"name":"wp","href":"https:\/\/api.w.org\/{rel}","templated":true}]}}